{"id":9,"date":"2024-09-11T11:49:01","date_gmt":"2024-09-11T09:49:01","guid":{"rendered":"https:\/\/lyutaiko.fr\/?page_id=9"},"modified":"2024-10-09T09:04:34","modified_gmt":"2024-10-09T07:04:34","slug":"tambours-et-flutes-japonaises","status":"publish","type":"page","link":"https:\/\/lyutaiko.fr\/","title":{"rendered":"LYU TA\u00cfKO : tambours et fl\u00fbtes Japonaises"},"content":{"rendered":"\n<div class=\"wp-block-group is-nowrap is-layout-flex wp-container-core-group-is-layout-1 wp-block-group-is-layout-flex\">\n<figure class=\"wp-block-image alignleft size-full\"><img loading=\"lazy\" decoding=\"async\" width=\"696\" height=\"631\" src=\"http:\/\/lyutaiko.fr\/wp-content\/uploads\/2024\/09\/logo.jpg\" alt=\"\" class=\"wp-image-24\" srcset=\"https:\/\/lyutaiko.fr\/wp-content\/uploads\/2024\/09\/logo.jpg 696w, https:\/\/lyutaiko.fr\/wp-content\/uploads\/2024\/09\/logo-300x272.jpg 300w\" sizes=\"auto, (max-width: 696px) 100vw, 696px\" \/><\/figure>\n\n\n\n<p><strong>Lyu Ta\u00efko est une association promouvant la pratique du Ta\u00efko Japonais traditionnel en respectant plusieurs pr\u00e9ceptes :<\/strong><\/p>\n<\/div>\n\n\n\n<div class=\"wp-block-group is-nowrap is-layout-flex wp-container-core-group-is-layout-2 wp-block-group-is-layout-flex\">\n<ul class=\"wp-block-list\">\n<li>Les entra\u00eenements et morceaux proviennent du Japon et respectent la transmission. Il n&rsquo;y a pas d&rsquo;occidentalisation des pratiques<\/li>\n\n\n\n<li>Les enseignants ont obligatoirement \u00e9t\u00e9 form\u00e9s au Japon (minimum 1 an)<\/li>\n\n\n\n<li>Un ressortissant Japonais fait partie des enseignants et garantit le respect de la tradition<\/li>\n\n\n\n<li>Les cours sont r\u00e9guliers<\/li>\n<\/ul>\n<\/div>\n\n\n\n<p>Les objectifs sont de poser les fondations musicales pour apprendre \u00e0 jouer des morceaux japonais dont la richesse augmente au fur et \u00e0 mesure de l&rsquo;ann\u00e9e et des progr\u00e8s des \u00e9l\u00e8ves.<\/p>\n\n\n\n<p>Cette ann\u00e9e les cours auront lieu le samedi \u00e0 l&rsquo;\u00e9cole de musique des Matelles sur 2 cr\u00e9neaux :<\/p>\n\n\n\n<ul class=\"wp-block-list\">\n<li>10h30 &#8211; 12h<\/li>\n\n\n\n<li>14h &#8211; 15h30<\/li>\n<\/ul>\n\n\n\n<p>Le tarif est de 150\u20ac l&rsquo;ann\u00e9e (cours et adh\u00e9sion) + inscription \u00e0 l&rsquo;\u00e9cole de musique des Matelles (35\u20ac Matellois, 50\u20ac non-Matellois).<\/p>\n\n\n\n<p>Une navette entre le tram Occitanie et les Matelles est possible dans la limite places disponibles.<\/p>\n\n\n\n<p>Des workshops auront lieux occasionnellement sur l&rsquo;ann\u00e9e sur Montpellier.<\/p>\n\n\n\n<p>\u00c9crivez nous sur <mark style=\"background-color:rgba(0, 0, 0, 0);color:#0000ee\" class=\"has-inline-color\">contact@lyutaiko.fr<\/mark><\/p>\n","protected":false},"excerpt":{"rendered":"<p>Lyu Ta\u00efko est une association promouvant la pratique du Ta\u00efko Japonais traditionnel en respectant plusieurs pr\u00e9ceptes : Les objectifs sont de poser les fondations musicales pour apprendre \u00e0 jouer des morceaux japonais dont la richesse augmente au fur et \u00e0 mesure de l&rsquo;ann\u00e9e et des progr\u00e8s des \u00e9l\u00e8ves. Cette ann\u00e9e les cours auront lieu le [&hellip;]<\/p>\n","protected":false},"author":1,"featured_media":0,"parent":0,"menu_order":0,"comment_status":"closed","ping_status":"closed","template":"","meta":{"footnotes":""},"class_list":["post-9","page","type-page","status-publish","hentry"],"_links":{"self":[{"href":"https:\/\/lyutaiko.fr\/index.php\/wp-json\/wp\/v2\/pages\/9","targetHints":{"allow":["GET"]}}],"collection":[{"href":"https:\/\/lyutaiko.fr\/index.php\/wp-json\/wp\/v2\/pages"}],"about":[{"href":"https:\/\/lyutaiko.fr\/index.php\/wp-json\/wp\/v2\/types\/page"}],"author":[{"embeddable":true,"href":"https:\/\/lyutaiko.fr\/index.php\/wp-json\/wp\/v2\/users\/1"}],"replies":[{"embeddable":true,"href":"https:\/\/lyutaiko.fr\/index.php\/wp-json\/wp\/v2\/comments?post=9"}],"version-history":[{"count":21,"href":"https:\/\/lyutaiko.fr\/index.php\/wp-json\/wp\/v2\/pages\/9\/revisions"}],"predecessor-version":[{"id":88,"href":"https:\/\/lyutaiko.fr\/index.php\/wp-json\/wp\/v2\/pages\/9\/revisions\/88"}],"wp:attachment":[{"href":"https:\/\/lyutaiko.fr\/index.php\/wp-json\/wp\/v2\/media?parent=9"}],"curies":[{"name":"wp","href":"https:\/\/api.w.org\/{rel}","templated":true}]}}