{"id":34,"date":"2024-09-12T16:40:45","date_gmt":"2024-09-12T14:40:45","guid":{"rendered":"https:\/\/lyutaiko.fr\/?page_id=34"},"modified":"2024-12-18T14:43:34","modified_gmt":"2024-12-18T13:43:34","slug":"les-enseignants","status":"publish","type":"page","link":"https:\/\/lyutaiko.fr\/index.php\/les-enseignants\/","title":{"rendered":"Les enseignants"},"content":{"rendered":"\n<h3 class=\"wp-block-heading\">Luc Verdier<\/h3>\n\n\n\n<div class=\"wp-block-columns is-layout-flex wp-container-core-columns-is-layout-1 wp-block-columns-is-layout-flex\">\n<div class=\"wp-block-column is-layout-flow wp-block-column-is-layout-flow\" style=\"flex-basis:50%\">\n<figure class=\"wp-block-image size-large\"><img loading=\"lazy\" decoding=\"async\" width=\"678\" height=\"1024\" src=\"http:\/\/lyutaiko.fr\/wp-content\/uploads\/2024\/09\/Luc-okedo-678x1024.jpg\" alt=\"Luc okedo\" class=\"wp-image-39\" srcset=\"https:\/\/lyutaiko.fr\/wp-content\/uploads\/2024\/09\/Luc-okedo-678x1024.jpg 678w, https:\/\/lyutaiko.fr\/wp-content\/uploads\/2024\/09\/Luc-okedo-199x300.jpg 199w, https:\/\/lyutaiko.fr\/wp-content\/uploads\/2024\/09\/Luc-okedo-768x1160.jpg 768w, https:\/\/lyutaiko.fr\/wp-content\/uploads\/2024\/09\/Luc-okedo-1017x1536.jpg 1017w, https:\/\/lyutaiko.fr\/wp-content\/uploads\/2024\/09\/Luc-okedo.jpg 1305w\" sizes=\"auto, (max-width: 678px) 100vw, 678px\" \/><\/figure>\n<\/div>\n\n\n\n<div class=\"wp-block-column is-layout-flow wp-block-column-is-layout-flow\" style=\"flex-basis:50%\">\n<p>Parti vivre au Japon en 2014, il a la chance d&rsquo;int\u00e9grer le groupe de Ma\u00eftre SENDO Shintaro : SEN. L\u00e0-bas, il suit un entra\u00eenement intensif pendant un an et a l&rsquo;opportunit\u00e9 de monter sur sc\u00e8ne avec le groupe lors de concerts.<\/p>\n\n\n\n<p>Sachant qu&rsquo;il rentre en France en 2015, le d\u00e9sir de cr\u00e9er un groupe de Ta\u00efko se fait de plus en plus fort. Il en parle \u00e0 ses Ma\u00eetres tr\u00e8s heureux \u00e0 l&rsquo;id\u00e9e. Il enseigne d\u00e8s lors \u00e0 Luc d&rsquo;avantages de morceaux, notamment pour les d\u00e9butants.<\/p>\n<\/div>\n<\/div>\n\n\n\n<figure class=\"wp-block-gallery has-nested-images columns-default is-cropped wp-block-gallery-1 is-layout-flex wp-block-gallery-is-layout-flex\">\n<figure class=\"wp-block-image size-large\"><img loading=\"lazy\" decoding=\"async\" width=\"640\" height=\"480\" data-id=\"106\" src=\"https:\/\/lyutaiko.fr\/wp-content\/uploads\/2024\/12\/P1070691.jpg\" alt=\"\" class=\"wp-image-106\" srcset=\"https:\/\/lyutaiko.fr\/wp-content\/uploads\/2024\/12\/P1070691.jpg 640w, https:\/\/lyutaiko.fr\/wp-content\/uploads\/2024\/12\/P1070691-300x225.jpg 300w\" sizes=\"auto, (max-width: 640px) 100vw, 640px\" \/><\/figure>\n\n\n\n<figure class=\"wp-block-image size-large\"><img loading=\"lazy\" decoding=\"async\" width=\"1024\" height=\"768\" data-id=\"104\" src=\"https:\/\/lyutaiko.fr\/wp-content\/uploads\/2024\/12\/P1070525-1024x768.jpg\" alt=\"\" class=\"wp-image-104\" srcset=\"https:\/\/lyutaiko.fr\/wp-content\/uploads\/2024\/12\/P1070525-1024x768.jpg 1024w, https:\/\/lyutaiko.fr\/wp-content\/uploads\/2024\/12\/P1070525-300x225.jpg 300w, https:\/\/lyutaiko.fr\/wp-content\/uploads\/2024\/12\/P1070525-768x576.jpg 768w, https:\/\/lyutaiko.fr\/wp-content\/uploads\/2024\/12\/P1070525-1536x1152.jpg 1536w, https:\/\/lyutaiko.fr\/wp-content\/uploads\/2024\/12\/P1070525-2048x1536.jpg 2048w\" sizes=\"auto, (max-width: 1024px) 100vw, 1024px\" \/><\/figure>\n\n\n\n<figure class=\"wp-block-image size-large\"><img loading=\"lazy\" decoding=\"async\" width=\"1024\" height=\"768\" data-id=\"103\" src=\"https:\/\/lyutaiko.fr\/wp-content\/uploads\/2024\/12\/P1070431-1024x768.jpg\" alt=\"\" class=\"wp-image-103\" srcset=\"https:\/\/lyutaiko.fr\/wp-content\/uploads\/2024\/12\/P1070431-1024x768.jpg 1024w, https:\/\/lyutaiko.fr\/wp-content\/uploads\/2024\/12\/P1070431-300x225.jpg 300w, https:\/\/lyutaiko.fr\/wp-content\/uploads\/2024\/12\/P1070431-768x576.jpg 768w, https:\/\/lyutaiko.fr\/wp-content\/uploads\/2024\/12\/P1070431-1536x1152.jpg 1536w, https:\/\/lyutaiko.fr\/wp-content\/uploads\/2024\/12\/P1070431-2048x1536.jpg 2048w\" sizes=\"auto, (max-width: 1024px) 100vw, 1024px\" \/><\/figure>\n\n\n\n<figure class=\"wp-block-image size-large is-style-default\"><img loading=\"lazy\" decoding=\"async\" width=\"960\" height=\"720\" data-id=\"107\" src=\"https:\/\/lyutaiko.fr\/wp-content\/uploads\/2024\/12\/11158090_463186303850463_416123778_n.jpg\" alt=\"\" class=\"wp-image-107\" srcset=\"https:\/\/lyutaiko.fr\/wp-content\/uploads\/2024\/12\/11158090_463186303850463_416123778_n.jpg 960w, https:\/\/lyutaiko.fr\/wp-content\/uploads\/2024\/12\/11158090_463186303850463_416123778_n-300x225.jpg 300w, https:\/\/lyutaiko.fr\/wp-content\/uploads\/2024\/12\/11158090_463186303850463_416123778_n-768x576.jpg 768w\" sizes=\"auto, (max-width: 960px) 100vw, 960px\" \/><\/figure>\n<\/figure>\n\n\n\n<p class=\"has-text-align-left\">De 2015 \u00e0 2018, il g\u00e8re l&rsquo;Association LYU TA\u00cfKO dans la continuit\u00e9 et le respect de son apprentissage au Japon.<\/p>\n\n\n\n<div class=\"wp-block-group is-nowrap is-layout-flex wp-container-core-group-is-layout-1 wp-block-group-is-layout-flex\">\n<p>Fin 2018, Luc retourne vivre au Japon pendant 5 ans o\u00f9 il a la possibilit\u00e9 d&rsquo;int\u00e9grer le groupe Busa\u00efku et de suivre les enseignements de grands Ma\u00eetres (Dengakuza). Ses nouveaux Ma\u00eetres lui enseigne encore plus de morceaux et techniques.<\/p>\n<\/div>\n\n\n\n<figure class=\"wp-block-image size-large\"><img loading=\"lazy\" decoding=\"async\" width=\"1024\" height=\"768\" src=\"http:\/\/lyutaiko.fr\/wp-content\/uploads\/2024\/12\/IMG_2867-1024x768.jpg\" alt=\"\" class=\"wp-image-117\" srcset=\"https:\/\/lyutaiko.fr\/wp-content\/uploads\/2024\/12\/IMG_2867-1024x768.jpg 1024w, https:\/\/lyutaiko.fr\/wp-content\/uploads\/2024\/12\/IMG_2867-300x225.jpg 300w, https:\/\/lyutaiko.fr\/wp-content\/uploads\/2024\/12\/IMG_2867-768x576.jpg 768w, https:\/\/lyutaiko.fr\/wp-content\/uploads\/2024\/12\/IMG_2867-1536x1152.jpg 1536w, https:\/\/lyutaiko.fr\/wp-content\/uploads\/2024\/12\/IMG_2867-2048x1536.jpg 2048w\" sizes=\"auto, (max-width: 1024px) 100vw, 1024px\" \/><\/figure>\n\n\n\n<div class=\"wp-block-group is-layout-constrained wp-block-group-is-layout-constrained\">\n<div class=\"wp-block-columns is-layout-flex wp-container-core-columns-is-layout-3 wp-block-columns-is-layout-flex\">\n<div class=\"wp-block-column is-layout-flow wp-block-column-is-layout-flow\" style=\"flex-basis:100%\">\n<div class=\"wp-block-columns is-layout-flex wp-container-core-columns-is-layout-2 wp-block-columns-is-layout-flex\">\n<div class=\"wp-block-column is-layout-flow wp-block-column-is-layout-flow\" style=\"flex-basis:100%\">\n<figure class=\"wp-block-gallery has-nested-images columns-default is-cropped wp-block-gallery-2 is-layout-flex wp-block-gallery-is-layout-flex\">\n<figure class=\"wp-block-image size-full\"><img loading=\"lazy\" decoding=\"async\" width=\"2560\" height=\"1920\" src=\"https:\/\/lyutaiko.fr\/wp-content\/uploads\/2024\/12\/IMG_2857-scaled.jpg\" alt=\"\" class=\"wp-image-116\" srcset=\"https:\/\/lyutaiko.fr\/wp-content\/uploads\/2024\/12\/IMG_2857-scaled.jpg 2560w, https:\/\/lyutaiko.fr\/wp-content\/uploads\/2024\/12\/IMG_2857-300x225.jpg 300w, https:\/\/lyutaiko.fr\/wp-content\/uploads\/2024\/12\/IMG_2857-1024x768.jpg 1024w, https:\/\/lyutaiko.fr\/wp-content\/uploads\/2024\/12\/IMG_2857-768x576.jpg 768w, https:\/\/lyutaiko.fr\/wp-content\/uploads\/2024\/12\/IMG_2857-1536x1152.jpg 1536w, https:\/\/lyutaiko.fr\/wp-content\/uploads\/2024\/12\/IMG_2857-2048x1536.jpg 2048w\" sizes=\"auto, (max-width: 2560px) 100vw, 2560px\" \/><\/figure>\n\n\n\n<figure class=\"wp-block-image size-full\"><img loading=\"lazy\" decoding=\"async\" width=\"2560\" height=\"2560\" src=\"https:\/\/lyutaiko.fr\/wp-content\/uploads\/2024\/12\/IMG_2868-scaled.jpg\" alt=\"\" class=\"wp-image-123\" srcset=\"https:\/\/lyutaiko.fr\/wp-content\/uploads\/2024\/12\/IMG_2868-scaled.jpg 2560w, https:\/\/lyutaiko.fr\/wp-content\/uploads\/2024\/12\/IMG_2868-300x300.jpg 300w, https:\/\/lyutaiko.fr\/wp-content\/uploads\/2024\/12\/IMG_2868-1024x1024.jpg 1024w, https:\/\/lyutaiko.fr\/wp-content\/uploads\/2024\/12\/IMG_2868-150x150.jpg 150w, https:\/\/lyutaiko.fr\/wp-content\/uploads\/2024\/12\/IMG_2868-768x768.jpg 768w, https:\/\/lyutaiko.fr\/wp-content\/uploads\/2024\/12\/IMG_2868-1536x1536.jpg 1536w, https:\/\/lyutaiko.fr\/wp-content\/uploads\/2024\/12\/IMG_2868-2048x2048.jpg 2048w\" sizes=\"auto, (max-width: 2560px) 100vw, 2560px\" \/><\/figure>\n<\/figure>\n<\/div>\n<\/div>\n<\/div>\n<\/div>\n<\/div>\n\n\n\n<figure class=\"wp-block-image size-large\"><img loading=\"lazy\" decoding=\"async\" width=\"1024\" height=\"768\" src=\"http:\/\/lyutaiko.fr\/wp-content\/uploads\/2024\/12\/IMG_2858-1024x768.jpg\" alt=\"\" class=\"wp-image-115\" srcset=\"https:\/\/lyutaiko.fr\/wp-content\/uploads\/2024\/12\/IMG_2858-1024x768.jpg 1024w, https:\/\/lyutaiko.fr\/wp-content\/uploads\/2024\/12\/IMG_2858-300x225.jpg 300w, https:\/\/lyutaiko.fr\/wp-content\/uploads\/2024\/12\/IMG_2858-768x576.jpg 768w, https:\/\/lyutaiko.fr\/wp-content\/uploads\/2024\/12\/IMG_2858-1536x1152.jpg 1536w, https:\/\/lyutaiko.fr\/wp-content\/uploads\/2024\/12\/IMG_2858-2048x1536.jpg 2048w\" sizes=\"auto, (max-width: 1024px) 100vw, 1024px\" \/><\/figure>\n\n\n\n<p>De retour en France, Luc lance la 2\u00e8me saison de LYU TA\u00cfKO en 2024 avec de nouveaux projets mais toujours les m\u00eames bases :<\/p>\n\n\n\n<ul class=\"wp-block-list\">\n<li>respect de la tradition<\/li>\n\n\n\n<li>rigueur et discipline<\/li>\n\n\n\n<li>la joie dans la pratique !<\/li>\n<\/ul>\n\n\n\n<p><\/p>\n\n\n\n<h3 class=\"wp-block-heading\">Ikuko Suzuki<\/h3>\n\n\n\n<figure class=\"wp-block-image size-large\"><img loading=\"lazy\" decoding=\"async\" width=\"1024\" height=\"678\" src=\"http:\/\/lyutaiko.fr\/wp-content\/uploads\/2024\/09\/ikuko-flute-3-1024x678.jpg\" alt=\"\" class=\"wp-image-50\" srcset=\"https:\/\/lyutaiko.fr\/wp-content\/uploads\/2024\/09\/ikuko-flute-3-1024x678.jpg 1024w, https:\/\/lyutaiko.fr\/wp-content\/uploads\/2024\/09\/ikuko-flute-3-300x199.jpg 300w, https:\/\/lyutaiko.fr\/wp-content\/uploads\/2024\/09\/ikuko-flute-3-768x509.jpg 768w, https:\/\/lyutaiko.fr\/wp-content\/uploads\/2024\/09\/ikuko-flute-3-1536x1017.jpg 1536w, https:\/\/lyutaiko.fr\/wp-content\/uploads\/2024\/09\/ikuko-flute-3.jpg 1643w\" sizes=\"auto, (max-width: 1024px) 100vw, 1024px\" \/><\/figure>\n\n\n\n<div class=\"wp-block-group is-nowrap is-layout-flex wp-container-core-group-is-layout-3 wp-block-group-is-layout-flex\">\n<p>De formation classique, Ikuko a pratiqu\u00e9 pendant 20 ans la clarinette normale et basse en orchestre \u00e0 vent \u00e0 Kanagawa au Japon.<br>En 2014, elle commence \u00e0 \u00e9tudier la Shinobue (fl\u00fbte Japonaise) aupr\u00e8s du groupe SEN et le Ta\u00efko.<br>Co-fondatrice du groupe LYU TA\u00cfKO, elle joue la Shinobue avec un r\u00e9pertoire m\u00ealant des morceaux traditionnels ou plus r\u00e9cent comme les chansons des films du studio Ghibli (Totoro, Chihiro, Mononoke,&#8230;). Elle prend \u00e9galement ses baguettes pour compl\u00e9ter le groupe sur certains morceaux.<\/p>\n<\/div>\n","protected":false},"excerpt":{"rendered":"<p>Luc Verdier Parti vivre au Japon en 2014, il a la chance d&rsquo;int\u00e9grer le groupe de Ma\u00eftre SENDO Shintaro : SEN. L\u00e0-bas, il suit un entra\u00eenement intensif pendant un an et a l&rsquo;opportunit\u00e9 de monter sur sc\u00e8ne avec le groupe lors de concerts. Sachant qu&rsquo;il rentre en France en 2015, le d\u00e9sir de cr\u00e9er un [&hellip;]<\/p>\n","protected":false},"author":1,"featured_media":0,"parent":0,"menu_order":0,"comment_status":"closed","ping_status":"closed","template":"","meta":{"footnotes":""},"class_list":["post-34","page","type-page","status-publish","hentry"],"_links":{"self":[{"href":"https:\/\/lyutaiko.fr\/index.php\/wp-json\/wp\/v2\/pages\/34","targetHints":{"allow":["GET"]}}],"collection":[{"href":"https:\/\/lyutaiko.fr\/index.php\/wp-json\/wp\/v2\/pages"}],"about":[{"href":"https:\/\/lyutaiko.fr\/index.php\/wp-json\/wp\/v2\/types\/page"}],"author":[{"embeddable":true,"href":"https:\/\/lyutaiko.fr\/index.php\/wp-json\/wp\/v2\/users\/1"}],"replies":[{"embeddable":true,"href":"https:\/\/lyutaiko.fr\/index.php\/wp-json\/wp\/v2\/comments?post=34"}],"version-history":[{"count":26,"href":"https:\/\/lyutaiko.fr\/index.php\/wp-json\/wp\/v2\/pages\/34\/revisions"}],"predecessor-version":[{"id":124,"href":"https:\/\/lyutaiko.fr\/index.php\/wp-json\/wp\/v2\/pages\/34\/revisions\/124"}],"wp:attachment":[{"href":"https:\/\/lyutaiko.fr\/index.php\/wp-json\/wp\/v2\/media?parent=34"}],"curies":[{"name":"wp","href":"https:\/\/api.w.org\/{rel}","templated":true}]}}